{"id":3842,"date":"2025-11-04T01:37:13","date_gmt":"2025-11-04T01:37:13","guid":{"rendered":"https:\/\/aracbakimonarim.com\/?page_id=3842"},"modified":"2025-11-04T01:37:28","modified_gmt":"2025-11-04T01:37:28","slug":"lastik-degisim-rot-balans","status":"publish","type":"page","link":"https:\/\/aracbakimonarim.com\/index.php\/lastik-degisim-rot-balans\/","title":{"rendered":"Lastik De\u011fi\u015fim &#038; Rot-Balans"},"content":{"rendered":"\t\t<div data-elementor-type=\"wp-page\" data-elementor-id=\"3842\" class=\"elementor elementor-3842\">\n\t\t\t\t<div class=\"elementor-element elementor-element-896592b e-flex e-con-boxed e-con e-parent\" data-id=\"896592b\" data-element_type=\"container\">\n\t\t\t\t\t<div class=\"e-con-inner\">\n\t\t\t\t<div class=\"elementor-element elementor-element-6ad657c elementor-widget elementor-widget-image\" data-id=\"6ad657c\" data-element_type=\"widget\" data-widget_type=\"image.default\">\n\t\t\t\t\t\t\t\t\t\t\t\t\t\t\t<img fetchpriority=\"high\" decoding=\"async\" width=\"1920\" height=\"410\" src=\"https:\/\/aracbakimonarim.com\/wp-content\/uploads\/2025\/11\/Lastik-Degisim-Rot-Balans.png\" class=\"attachment-full size-full wp-image-3816\" alt=\"\" srcset=\"https:\/\/aracbakimonarim.com\/wp-content\/uploads\/2025\/11\/Lastik-Degisim-Rot-Balans.png 1920w, https:\/\/aracbakimonarim.com\/wp-content\/uploads\/2025\/11\/Lastik-Degisim-Rot-Balans-300x64.png 300w, https:\/\/aracbakimonarim.com\/wp-content\/uploads\/2025\/11\/Lastik-Degisim-Rot-Balans-1024x219.png 1024w, https:\/\/aracbakimonarim.com\/wp-content\/uploads\/2025\/11\/Lastik-Degisim-Rot-Balans-768x164.png 768w, https:\/\/aracbakimonarim.com\/wp-content\/uploads\/2025\/11\/Lastik-Degisim-Rot-Balans-1536x328.png 1536w\" sizes=\"(max-width: 1920px) 100vw, 1920px\" \/>\t\t\t\t\t\t\t\t\t\t\t\t\t\t\t<\/div>\n\t\t\t\t<div class=\"elementor-element elementor-element-b61b268 elementor-widget elementor-widget-text-editor\" data-id=\"b61b268\" data-element_type=\"widget\" data-widget_type=\"text-editor.default\">\n\t\t\t\t\t\t\t\t\t<h3 data-start=\"3685\" data-end=\"3719\"><strong data-start=\"3689\" data-end=\"3719\">Yol Tutu\u015funuzu G\u00fc\u00e7lendirin<\/strong><\/h3><p data-start=\"3720\" data-end=\"3880\">Lastikler, g\u00fcvenli s\u00fcr\u00fc\u015f\u00fcn temelidir.<br data-start=\"3757\" data-end=\"3760\" \/>Nerex Kavakl\u0131\u2019da, lastik de\u011fi\u015fimi, rot-balans ayarlar\u0131 ve di\u015f derinli\u011fi kontrolleri uzman ekibimiz taraf\u0131ndan yap\u0131l\u0131r.<\/p><p data-start=\"3882\" data-end=\"3909\"><strong data-start=\"3882\" data-end=\"3909\">Lastik Servisi Kapsam\u0131:<\/strong><\/p><ul data-start=\"3910\" data-end=\"4037\"><li data-start=\"3910\" data-end=\"3943\"><p data-start=\"3912\" data-end=\"3943\">Yeni lastik montaj\u0131 ve s\u00f6k\u00fcm\u00fc<\/p><\/li><li data-start=\"3944\" data-end=\"3964\"><p data-start=\"3946\" data-end=\"3964\">Rot-balans ayar\u0131<\/p><\/li><li data-start=\"3965\" data-end=\"3994\"><p data-start=\"3967\" data-end=\"3994\">Mevsimsel lastik de\u011fi\u015fimi<\/p><\/li><li data-start=\"3995\" data-end=\"4037\"><p data-start=\"3997\" data-end=\"4037\">Hava bas\u0131nc\u0131 ve di\u015f derinli\u011fi kontrol\u00fc<\/p><\/li><\/ul><p data-start=\"4039\" data-end=\"4115\">Dilerseniz lastikleriniz i\u00e7in <strong data-start=\"4069\" data-end=\"4091\">mevsimsel depolama<\/strong> hizmeti de sunuyoruz.<\/p><p data-start=\"4117\" data-end=\"4222\">\ud83d\udcde <strong data-start=\"4120\" data-end=\"4139\">Lastik Servisi:<\/strong> +90 535 716 08 09<br data-start=\"4157\" data-end=\"4160\" \/>\ud83d\udccd <strong data-start=\"4163\" data-end=\"4173\">Adres:<\/strong> Kavakl\u0131 Cd. No:10, 34520 Beylikd\u00fcz\u00fc \/ \u0130stanbul<\/p>\t\t\t\t\t\t\t\t<\/div>\n\t\t\t\t\t<\/div>\n\t\t\t\t<\/div>\n\t\t\t\t<\/div>\n\t\t","protected":false},"excerpt":{"rendered":"<p>Yol Tutu\u015funuzu G\u00fc\u00e7lendirin Lastikler, g\u00fcvenli s\u00fcr\u00fc\u015f\u00fcn temelidir.Nerex Kavakl\u0131\u2019da, lastik de\u011fi\u015fimi, rot-balans ayarlar\u0131 ve di\u015f derinli\u011fi kontrolleri uzman ekibimiz taraf\u0131ndan yap\u0131l\u0131r. Lastik Servisi Kapsam\u0131: Yeni lastik montaj\u0131 ve s\u00f6k\u00fcm\u00fc Rot-balans ayar\u0131 Mevsimsel lastik de\u011fi\u015fimi Hava bas\u0131nc\u0131 ve di\u015f derinli\u011fi kontrol\u00fc Dilerseniz lastikleriniz i\u00e7in mevsimsel depolama hizmeti de sunuyoruz. \ud83d\udcde Lastik Servisi: +90 535 716 08 09\ud83d\udccd [&hellip;]<\/p>\n","protected":false},"author":1,"featured_media":0,"parent":0,"menu_order":0,"comment_status":"closed","ping_status":"closed","template":"tpl-default-elementor.php","meta":{"footnotes":""},"class_list":["post-3842","page","type-page","status-publish","hentry"],"_links":{"self":[{"href":"https:\/\/aracbakimonarim.com\/index.php\/wp-json\/wp\/v2\/pages\/3842","targetHints":{"allow":["GET"]}}],"collection":[{"href":"https:\/\/aracbakimonarim.com\/index.php\/wp-json\/wp\/v2\/pages"}],"about":[{"href":"https:\/\/aracbakimonarim.com\/index.php\/wp-json\/wp\/v2\/types\/page"}],"author":[{"embeddable":true,"href":"https:\/\/aracbakimonarim.com\/index.php\/wp-json\/wp\/v2\/users\/1"}],"replies":[{"embeddable":true,"href":"https:\/\/aracbakimonarim.com\/index.php\/wp-json\/wp\/v2\/comments?post=3842"}],"version-history":[{"count":5,"href":"https:\/\/aracbakimonarim.com\/index.php\/wp-json\/wp\/v2\/pages\/3842\/revisions"}],"predecessor-version":[{"id":3857,"href":"https:\/\/aracbakimonarim.com\/index.php\/wp-json\/wp\/v2\/pages\/3842\/revisions\/3857"}],"wp:attachment":[{"href":"https:\/\/aracbakimonarim.com\/index.php\/wp-json\/wp\/v2\/media?parent=3842"}],"curies":[{"name":"wp","href":"https:\/\/api.w.org\/{rel}","templated":true}]}}