{"id":3829,"date":"2025-11-04T01:35:21","date_gmt":"2025-11-04T01:35:21","guid":{"rendered":"https:\/\/aracbakimonarim.com\/?page_id=3829"},"modified":"2025-11-04T01:35:49","modified_gmt":"2025-11-04T01:35:49","slug":"kaporta-boya-servisi","status":"publish","type":"page","link":"https:\/\/aracbakimonarim.com\/index.php\/kaporta-boya-servisi\/","title":{"rendered":"Kaporta &#038; Boya Servisi"},"content":{"rendered":"\t\t<div data-elementor-type=\"wp-page\" data-elementor-id=\"3829\" class=\"elementor elementor-3829\">\n\t\t\t\t<div class=\"elementor-element elementor-element-896592b e-flex e-con-boxed e-con e-parent\" data-id=\"896592b\" data-element_type=\"container\">\n\t\t\t\t\t<div class=\"e-con-inner\">\n\t\t\t\t<div class=\"elementor-element elementor-element-6ad657c elementor-widget elementor-widget-image\" data-id=\"6ad657c\" data-element_type=\"widget\" data-widget_type=\"image.default\">\n\t\t\t\t\t\t\t\t\t\t\t\t\t\t\t<img fetchpriority=\"high\" decoding=\"async\" width=\"1920\" height=\"410\" src=\"https:\/\/aracbakimonarim.com\/wp-content\/uploads\/2025\/11\/Kaporta-Boya-Servisi.png\" class=\"attachment-full size-full wp-image-3815\" alt=\"\" srcset=\"https:\/\/aracbakimonarim.com\/wp-content\/uploads\/2025\/11\/Kaporta-Boya-Servisi.png 1920w, https:\/\/aracbakimonarim.com\/wp-content\/uploads\/2025\/11\/Kaporta-Boya-Servisi-300x64.png 300w, https:\/\/aracbakimonarim.com\/wp-content\/uploads\/2025\/11\/Kaporta-Boya-Servisi-1024x219.png 1024w, https:\/\/aracbakimonarim.com\/wp-content\/uploads\/2025\/11\/Kaporta-Boya-Servisi-768x164.png 768w, https:\/\/aracbakimonarim.com\/wp-content\/uploads\/2025\/11\/Kaporta-Boya-Servisi-1536x328.png 1536w\" sizes=\"(max-width: 1920px) 100vw, 1920px\" \/>\t\t\t\t\t\t\t\t\t\t\t\t\t\t\t<\/div>\n\t\t\t\t<div class=\"elementor-element elementor-element-b61b268 elementor-widget elementor-widget-text-editor\" data-id=\"b61b268\" data-element_type=\"widget\" data-widget_type=\"text-editor.default\">\n\t\t\t\t\t\t\t\t\t<h3 data-start=\"2265\" data-end=\"2309\"><strong data-start=\"2269\" data-end=\"2309\">Kusursuz G\u00f6r\u00fcn\u00fcm, Uzun \u00d6m\u00fcrl\u00fc Koruma<\/strong><\/h3><p data-start=\"2310\" data-end=\"2601\">Kazalar veya \u00e7izikler arac\u0131n\u0131z\u0131n g\u00f6r\u00fcn\u00fcm\u00fcn\u00fc etkileyebilir, ancak do\u011fru kaporta ve boya uygulamalar\u0131yla <strong data-start=\"2413\" data-end=\"2441\">orijinal estetik g\u00f6r\u00fcn\u00fcm<\/strong> yeniden sa\u011flanabilir.<br data-start=\"2463\" data-end=\"2466\" \/>Nerex Kavakl\u0131 Oto Servis, <strong data-start=\"2492\" data-end=\"2558\">y\u00fcksek kaliteli boya, renk uyumu cihazlar\u0131 ve f\u0131r\u0131n sistemleri<\/strong> ile her marka araca uygun onar\u0131m sa\u011flar.<\/p><p data-start=\"2603\" data-end=\"2621\"><strong data-start=\"2603\" data-end=\"2621\">Hizmetlerimiz:<\/strong><\/p><ul data-start=\"2622\" data-end=\"2774\"><li data-start=\"2622\" data-end=\"2669\"><p data-start=\"2624\" data-end=\"2669\">Par\u00e7a de\u011fi\u015fimi, d\u00fczeltme ve macun i\u015flemleri<\/p><\/li><li data-start=\"2670\" data-end=\"2703\"><p data-start=\"2672\" data-end=\"2703\">Renk uyumlu boya uygulamalar\u0131<\/p><\/li><li data-start=\"2704\" data-end=\"2741\"><p data-start=\"2706\" data-end=\"2741\">Pasta-cila &amp; detayl\u0131 d\u0131\u015f temizlik<\/p><\/li><li data-start=\"2742\" data-end=\"2774\"><p data-start=\"2744\" data-end=\"2774\">F\u0131r\u0131nl\u0131 boya kurutma sistemi<\/p><\/li><\/ul><p data-start=\"2776\" data-end=\"2871\">Her i\u015flem sonras\u0131 kalite kontrol yap\u0131l\u0131r, arac\u0131n\u0131z size <strong data-start=\"2832\" data-end=\"2854\">kusursuz g\u00f6r\u00fcn\u00fcmle<\/strong> teslim edilir.<\/p><p data-start=\"2873\" data-end=\"2978\">\ud83d\udcde <strong data-start=\"2876\" data-end=\"2895\">Boya Randevusu:<\/strong> +90 535 716 08 09<br data-start=\"2913\" data-end=\"2916\" \/>\ud83d\udccd <strong data-start=\"2919\" data-end=\"2929\">Adres:<\/strong> Kavakl\u0131 Cd. No:10, 34520 Beylikd\u00fcz\u00fc \/ \u0130stanbul<\/p>\t\t\t\t\t\t\t\t<\/div>\n\t\t\t\t\t<\/div>\n\t\t\t\t<\/div>\n\t\t\t\t<\/div>\n\t\t","protected":false},"excerpt":{"rendered":"<p>Kusursuz G\u00f6r\u00fcn\u00fcm, Uzun \u00d6m\u00fcrl\u00fc Koruma Kazalar veya \u00e7izikler arac\u0131n\u0131z\u0131n g\u00f6r\u00fcn\u00fcm\u00fcn\u00fc etkileyebilir, ancak do\u011fru kaporta ve boya uygulamalar\u0131yla orijinal estetik g\u00f6r\u00fcn\u00fcm yeniden sa\u011flanabilir.Nerex Kavakl\u0131 Oto Servis, y\u00fcksek kaliteli boya, renk uyumu cihazlar\u0131 ve f\u0131r\u0131n sistemleri ile her marka araca uygun onar\u0131m sa\u011flar. Hizmetlerimiz: Par\u00e7a de\u011fi\u015fimi, d\u00fczeltme ve macun i\u015flemleri Renk uyumlu boya uygulamalar\u0131 Pasta-cila &amp; detayl\u0131 [&hellip;]<\/p>\n","protected":false},"author":1,"featured_media":0,"parent":0,"menu_order":0,"comment_status":"closed","ping_status":"closed","template":"tpl-default-elementor.php","meta":{"footnotes":""},"class_list":["post-3829","page","type-page","status-publish","hentry"],"_links":{"self":[{"href":"https:\/\/aracbakimonarim.com\/index.php\/wp-json\/wp\/v2\/pages\/3829","targetHints":{"allow":["GET"]}}],"collection":[{"href":"https:\/\/aracbakimonarim.com\/index.php\/wp-json\/wp\/v2\/pages"}],"about":[{"href":"https:\/\/aracbakimonarim.com\/index.php\/wp-json\/wp\/v2\/types\/page"}],"author":[{"embeddable":true,"href":"https:\/\/aracbakimonarim.com\/index.php\/wp-json\/wp\/v2\/users\/1"}],"replies":[{"embeddable":true,"href":"https:\/\/aracbakimonarim.com\/index.php\/wp-json\/wp\/v2\/comments?post=3829"}],"version-history":[{"count":7,"href":"https:\/\/aracbakimonarim.com\/index.php\/wp-json\/wp\/v2\/pages\/3829\/revisions"}],"predecessor-version":[{"id":3836,"href":"https:\/\/aracbakimonarim.com\/index.php\/wp-json\/wp\/v2\/pages\/3829\/revisions\/3836"}],"wp:attachment":[{"href":"https:\/\/aracbakimonarim.com\/index.php\/wp-json\/wp\/v2\/media?parent=3829"}],"curies":[{"name":"wp","href":"https:\/\/api.w.org\/{rel}","templated":true}]}}