{"id":370,"date":"2025-08-14T13:54:00","date_gmt":"2025-08-14T13:54:00","guid":{"rendered":"http:\/\/fastwpdemo.com\/newwp\/homlane\/?page_id=370"},"modified":"2025-11-04T01:33:19","modified_gmt":"2025-11-04T01:33:19","slug":"periyodik-bakim","status":"publish","type":"page","link":"https:\/\/aracbakimonarim.com\/index.php\/periyodik-bakim\/","title":{"rendered":"Periyodik Bak\u0131m"},"content":{"rendered":"\t\t<div data-elementor-type=\"wp-page\" data-elementor-id=\"370\" class=\"elementor elementor-370\">\n\t\t\t\t<div class=\"elementor-element elementor-element-896592b e-flex e-con-boxed e-con e-parent\" data-id=\"896592b\" data-element_type=\"container\">\n\t\t\t\t\t<div class=\"e-con-inner\">\n\t\t\t\t<div class=\"elementor-element elementor-element-6ad657c elementor-widget elementor-widget-image\" data-id=\"6ad657c\" data-element_type=\"widget\" data-widget_type=\"image.default\">\n\t\t\t\t\t\t\t\t\t\t\t\t\t\t\t<img fetchpriority=\"high\" decoding=\"async\" width=\"1920\" height=\"410\" src=\"https:\/\/aracbakimonarim.com\/wp-content\/uploads\/2025\/11\/Periyodik-Bakim.png\" class=\"attachment-full size-full wp-image-3813\" alt=\"\" srcset=\"https:\/\/aracbakimonarim.com\/wp-content\/uploads\/2025\/11\/Periyodik-Bakim.png 1920w, https:\/\/aracbakimonarim.com\/wp-content\/uploads\/2025\/11\/Periyodik-Bakim-300x64.png 300w, https:\/\/aracbakimonarim.com\/wp-content\/uploads\/2025\/11\/Periyodik-Bakim-1024x219.png 1024w, https:\/\/aracbakimonarim.com\/wp-content\/uploads\/2025\/11\/Periyodik-Bakim-768x164.png 768w, https:\/\/aracbakimonarim.com\/wp-content\/uploads\/2025\/11\/Periyodik-Bakim-1536x328.png 1536w\" sizes=\"(max-width: 1920px) 100vw, 1920px\" \/>\t\t\t\t\t\t\t\t\t\t\t\t\t\t\t<\/div>\n\t\t\t\t<div class=\"elementor-element elementor-element-b61b268 elementor-widget elementor-widget-text-editor\" data-id=\"b61b268\" data-element_type=\"widget\" data-widget_type=\"text-editor.default\">\n\t\t\t\t\t\t\t\t\t<h3 data-start=\"760\" data-end=\"831\"><strong data-start=\"764\" data-end=\"831\">Periyodik Bak\u0131m ile Arac\u0131n\u0131z Her Zaman \u0130lk G\u00fcnk\u00fc Performans\u0131nda<\/strong><\/h3><p data-start=\"832\" data-end=\"1085\">Nerex Kavakl\u0131 Oto Servis olarak, arac\u0131n\u0131z\u0131n uzun \u00f6m\u00fcrl\u00fc ve g\u00fcvenli bir \u015fekilde kullan\u0131labilmesi i\u00e7in <strong data-start=\"933\" data-end=\"960\">d\u00fczenli periyodik bak\u0131m<\/strong> hizmeti sunuyoruz.<br data-start=\"979\" data-end=\"982\" \/>Her marka binek, ticari ve hafif ticari arac\u0131n \u00fcretici standartlar\u0131na uygun \u015fekilde kontrol\u00fc yap\u0131l\u0131r.<\/p><p data-start=\"1087\" data-end=\"1113\"><strong data-start=\"1087\" data-end=\"1113\">Yapt\u0131\u011f\u0131m\u0131z Kontroller:<\/strong><\/p><ul data-start=\"1114\" data-end=\"1246\"><li data-start=\"1114\" data-end=\"1149\"><p data-start=\"1116\" data-end=\"1149\">Ya\u011f, filtre ve s\u0131v\u0131 de\u011fi\u015fimleri<\/p><\/li><li data-start=\"1150\" data-end=\"1196\"><p data-start=\"1152\" data-end=\"1196\">Ak\u00fc, fren, ayd\u0131nlatma ve klima kontrolleri<\/p><\/li><li data-start=\"1197\" data-end=\"1246\"><p data-start=\"1199\" data-end=\"1246\">Lastik, rot-balans ve s\u00fcspansiyon denetimleri<\/p><\/li><\/ul><p data-start=\"1248\" data-end=\"1382\">Modern test cihazlar\u0131 ile olas\u0131 ar\u0131zalar \u00f6nceden tespit edilir, b\u00f6ylece hem yak\u0131t tasarrufu sa\u011flan\u0131r hem de b\u00fcy\u00fck masraflar \u00f6nlenir.<\/p><p data-start=\"1384\" data-end=\"1482\">\ud83d\udcde <strong data-start=\"1387\" data-end=\"1399\">Randevu:<\/strong> +90 535 716 08 09<br data-start=\"1417\" data-end=\"1420\" \/>\ud83d\udccd <strong data-start=\"1423\" data-end=\"1433\">Adres:<\/strong> Kavakl\u0131 Cd. No:10, 34520 Beylikd\u00fcz\u00fc \/ \u0130stanbul<\/p>\t\t\t\t\t\t\t\t<\/div>\n\t\t\t\t\t<\/div>\n\t\t\t\t<\/div>\n\t\t\t\t<\/div>\n\t\t","protected":false},"excerpt":{"rendered":"<p>Periyodik Bak\u0131m ile Arac\u0131n\u0131z Her Zaman \u0130lk G\u00fcnk\u00fc Performans\u0131nda Nerex Kavakl\u0131 Oto Servis olarak, arac\u0131n\u0131z\u0131n uzun \u00f6m\u00fcrl\u00fc ve g\u00fcvenli bir \u015fekilde kullan\u0131labilmesi i\u00e7in d\u00fczenli periyodik bak\u0131m hizmeti sunuyoruz.Her marka binek, ticari ve hafif ticari arac\u0131n \u00fcretici standartlar\u0131na uygun \u015fekilde kontrol\u00fc yap\u0131l\u0131r. Yapt\u0131\u011f\u0131m\u0131z Kontroller: Ya\u011f, filtre ve s\u0131v\u0131 de\u011fi\u015fimleri Ak\u00fc, fren, ayd\u0131nlatma ve klima kontrolleri Lastik, [&hellip;]<\/p>\n","protected":false},"author":1,"featured_media":0,"parent":0,"menu_order":0,"comment_status":"closed","ping_status":"closed","template":"tpl-default-elementor.php","meta":{"footnotes":""},"class_list":["post-370","page","type-page","status-publish","hentry"],"_links":{"self":[{"href":"https:\/\/aracbakimonarim.com\/index.php\/wp-json\/wp\/v2\/pages\/370","targetHints":{"allow":["GET"]}}],"collection":[{"href":"https:\/\/aracbakimonarim.com\/index.php\/wp-json\/wp\/v2\/pages"}],"about":[{"href":"https:\/\/aracbakimonarim.com\/index.php\/wp-json\/wp\/v2\/types\/page"}],"author":[{"embeddable":true,"href":"https:\/\/aracbakimonarim.com\/index.php\/wp-json\/wp\/v2\/users\/1"}],"replies":[{"embeddable":true,"href":"https:\/\/aracbakimonarim.com\/index.php\/wp-json\/wp\/v2\/comments?post=370"}],"version-history":[{"count":19,"href":"https:\/\/aracbakimonarim.com\/index.php\/wp-json\/wp\/v2\/pages\/370\/revisions"}],"predecessor-version":[{"id":3823,"href":"https:\/\/aracbakimonarim.com\/index.php\/wp-json\/wp\/v2\/pages\/370\/revisions\/3823"}],"wp:attachment":[{"href":"https:\/\/aracbakimonarim.com\/index.php\/wp-json\/wp\/v2\/media?parent=370"}],"curies":[{"name":"wp","href":"https:\/\/api.w.org\/{rel}","templated":true}]}}